{"id":1422,"date":"2025-07-30T10:49:36","date_gmt":"2025-07-30T08:49:36","guid":{"rendered":"https:\/\/codigovita.com\/?page_id=1422"},"modified":"2026-03-30T12:59:48","modified_gmt":"2026-03-30T10:59:48","slug":"evaluacion-integral","status":"publish","type":"page","link":"https:\/\/codigovita.com\/es_es\/evaluacion-integral\/","title":{"rendered":"Evaluaci\u00f3n Integral"},"content":{"rendered":"\t\t<div data-elementor-type=\"wp-page\" data-elementor-id=\"1422\" class=\"elementor elementor-1422\">\n\t\t\t\t<div class=\"elementor-element elementor-element-17ed924 e-flex e-con-boxed e-con e-parent\" data-id=\"17ed924\" data-element_type=\"container\" data-settings=\"{&quot;background_background&quot;:&quot;slideshow&quot;,&quot;background_slideshow_gallery&quot;:[],&quot;background_slideshow_loop&quot;:&quot;yes&quot;,&quot;background_slideshow_slide_duration&quot;:5000,&quot;background_slideshow_slide_transition&quot;:&quot;fade&quot;,&quot;background_slideshow_transition_duration&quot;:500}\">\n\t\t\t\t\t<div class=\"e-con-inner\">\n\t\t\t\t<div class=\"elementor-element elementor-element-29321da elementor-widget elementor-widget-heading\" data-id=\"29321da\" data-element_type=\"widget\" data-widget_type=\"heading.default\">\n\t\t\t\t<div class=\"elementor-widget-container\">\n\t\t\t\t\t<h2 class=\"elementor-heading-title elementor-size-default\">Evaluaci\u00f3n integral:<\/h2>\t\t\t\t<\/div>\n\t\t\t\t<\/div>\n\t\t\t\t<div class=\"elementor-element elementor-element-2828e62 elementor-widget elementor-widget-heading\" data-id=\"2828e62\" data-element_type=\"widget\" data-widget_type=\"heading.default\">\n\t\t\t\t<div class=\"elementor-widget-container\">\n\t\t\t\t\t<h2 class=\"elementor-heading-title elementor-size-default\">Sistema Hol\u00edstico de Est\u00e9tica Natural <\/h2>\t\t\t\t<\/div>\n\t\t\t\t<\/div>\n\t\t\t\t\t<\/div>\n\t\t\t\t<\/div>\n\t\t<div class=\"elementor-element elementor-element-d9aa51f e-flex e-con-boxed e-con e-parent\" data-id=\"d9aa51f\" data-element_type=\"container\">\n\t\t\t\t\t<div class=\"e-con-inner\">\n\t\t<div class=\"elementor-element elementor-element-9356d31 e-con-full e-flex e-con e-child\" data-id=\"9356d31\" data-element_type=\"container\">\n\t\t\t\t<div class=\"elementor-element elementor-element-ba3b95e elementor-widget elementor-widget-text-editor\" data-id=\"ba3b95e\" data-element_type=\"widget\" data-widget_type=\"text-editor.default\">\n\t\t\t\t<div class=\"elementor-widget-container\">\n\t\t\t\t\t\t\t\t\t<p><strong>Piel y Est\u00e9tica Natural<\/strong> <br \/>Analizamos la est\u00e9tica natural de tu piel no solo en su apariencia, sino tambi\u00e9n en su vitalidad y capacidad de respuesta. La piel es el reflejo de tu interior y el primer punto de conexi\u00f3n con tu bienestar.<\/p>\t\t\t\t\t\t\t\t<\/div>\n\t\t\t\t<\/div>\n\t\t\t\t<\/div>\n\t\t<div class=\"elementor-element elementor-element-8f0b194 e-con-full e-flex e-con e-child\" data-id=\"8f0b194\" data-element_type=\"container\">\n\t\t\t\t<div class=\"elementor-element elementor-element-97fd059 elementor-align-justify elementor-widget elementor-widget-button\" data-id=\"97fd059\" data-element_type=\"widget\" data-widget_type=\"button.default\">\n\t\t\t\t<div class=\"elementor-widget-container\">\n\t\t\t\t\t\t\t\t\t<div class=\"elementor-button-wrapper\">\n\t\t\t\t\t<a class=\"elementor-button elementor-button-link elementor-size-sm\" href=\"https:\/\/codigovita.com\/sss-10\/\" target=\"_blank\">\n\t\t\t\t\t\t<span class=\"elementor-button-content-wrapper\">\n\t\t\t\t\t\t\t\t\t<span class=\"elementor-button-text\">Sensibilidad Cut\u00e1nia SSS-10<\/span>\n\t\t\t\t\t<\/span>\n\t\t\t\t\t<\/a>\n\t\t\t\t<\/div>\n\t\t\t\t\t\t\t\t<\/div>\n\t\t\t\t<\/div>\n\t\t\t\t<\/div>\n\t\t<div class=\"elementor-element elementor-element-8086e8c e-con-full e-flex e-con e-child\" data-id=\"8086e8c\" data-element_type=\"container\">\n\t\t\t\t<div class=\"elementor-element elementor-element-d6770b1 elementor-widget elementor-widget-button\" data-id=\"d6770b1\" data-element_type=\"widget\" data-widget_type=\"button.default\">\n\t\t\t\t<div class=\"elementor-widget-container\">\n\t\t\t\t\t\t\t\t\t<div class=\"elementor-button-wrapper\">\n\t\t\t\t\t<a class=\"elementor-button elementor-button-link elementor-size-sm\" href=\"https:\/\/codigovita.com\/vq\/\" target=\"_blank\">\n\t\t\t\t\t\t<span class=\"elementor-button-content-wrapper\">\n\t\t\t\t\t\t\t\t\t<span class=\"elementor-button-text\">Cociente de Vitalidad VQ<\/span>\n\t\t\t\t\t<\/span>\n\t\t\t\t\t<\/a>\n\t\t\t\t<\/div>\n\t\t\t\t\t\t\t\t<\/div>\n\t\t\t\t<\/div>\n\t\t\t\t<\/div>\n\t\t<div class=\"elementor-element elementor-element-2ed0124 e-con-full e-flex e-con e-child\" data-id=\"2ed0124\" data-element_type=\"container\">\n\t\t\t\t<div class=\"elementor-element elementor-element-3725379 elementor-widget elementor-widget-text-editor\" data-id=\"3725379\" data-element_type=\"widget\" data-widget_type=\"text-editor.default\">\n\t\t\t\t<div class=\"elementor-widget-container\">\n\t\t\t\t\t\t\t\t\t<p><strong>Vitalidad y Beauty Mentoring<\/strong> <br \/>Exploramos tu nivel de energ\u00eda y equilibrio nervioso, claves para mantener un rostro arm\u00f3nico y un cuerpo en sinton\u00eda. La vitalidad es la base que ense\u00f1amos en nuestro <strong>beauty mentoring\u00a0<\/strong>para construir belleza y bienestar duraderos.<\/p>\t\t\t\t\t\t\t\t<\/div>\n\t\t\t\t<\/div>\n\t\t\t\t<\/div>\n\t\t\t\t\t<\/div>\n\t\t\t\t<\/div>\n\t\t<div class=\"elementor-element elementor-element-01e4cd0 e-flex e-con-boxed e-con e-parent\" data-id=\"01e4cd0\" data-element_type=\"container\">\n\t\t\t\t\t<div class=\"e-con-inner\">\n\t\t<div class=\"elementor-element elementor-element-2f08db0 e-con-full e-flex e-con e-child\" data-id=\"2f08db0\" data-element_type=\"container\">\n\t\t\t\t<div class=\"elementor-element elementor-element-d569ddf elementor-widget elementor-widget-text-editor\" data-id=\"d569ddf\" data-element_type=\"widget\" data-widget_type=\"text-editor.default\">\n\t\t\t\t<div class=\"elementor-widget-container\">\n\t\t\t\t\t\t\t\t\t<p><strong>Nutrici\u00f3n y Compras Inteligentes<\/strong> <br \/>Identificamos los h\u00e1bitos y necesidades que influyen en tu biolog\u00eda y tu piel. La nutrici\u00f3n consciente es esencial para sostener la regeneraci\u00f3n. Te orientamos a <strong>comprar productos\u00a0<\/strong><strong>naturales<\/strong> y <strong>comprar productos de belleza<\/strong> que apoyen tu luminosidad y equilibrio interno.<\/p>\t\t\t\t\t\t\t\t<\/div>\n\t\t\t\t<\/div>\n\t\t\t\t<\/div>\n\t\t<div class=\"elementor-element elementor-element-bd30988 e-con-full e-flex e-con e-child\" data-id=\"bd30988\" data-element_type=\"container\">\n\t\t\t\t<div class=\"elementor-element elementor-element-cf40e1d elementor-widget elementor-widget-button\" data-id=\"cf40e1d\" data-element_type=\"widget\" data-widget_type=\"button.default\">\n\t\t\t\t<div class=\"elementor-widget-container\">\n\t\t\t\t\t\t\t\t\t<div class=\"elementor-button-wrapper\">\n\t\t\t\t\t<a class=\"elementor-button elementor-button-link elementor-size-sm elementor-animation-grow\" href=\"\">\n\t\t\t\t\t\t<span class=\"elementor-button-content-wrapper\">\n\t\t\t\t\t\t\t\t\t<span class=\"elementor-button-text\">Consulta Nutritiva en 10 pasos<\/span>\n\t\t\t\t\t<\/span>\n\t\t\t\t\t<\/a>\n\t\t\t\t<\/div>\n\t\t\t\t\t\t\t\t<\/div>\n\t\t\t\t<\/div>\n\t\t\t\t<\/div>\n\t\t\t\t\t<\/div>\n\t\t\t\t<\/div>\n\t\t<div class=\"elementor-element elementor-element-9db982a e-flex e-con-boxed e-con e-parent\" data-id=\"9db982a\" data-element_type=\"container\">\n\t\t\t\t\t<div class=\"e-con-inner\">\n\t\t<div class=\"elementor-element elementor-element-bd8bede e-con-full e-flex e-con e-child\" data-id=\"bd8bede\" data-element_type=\"container\">\n\t\t\t\t<div class=\"elementor-element elementor-element-9dbc097 elementor-widget elementor-widget-heading\" data-id=\"9dbc097\" data-element_type=\"widget\" data-widget_type=\"heading.default\">\n\t\t\t\t<div class=\"elementor-widget-container\">\n\t\t\t\t\t<h3 class=\"elementor-heading-title elementor-size-default\">\u00bfTienes Dudas? Beauty Mentoring Gratuito<\/h3>\t\t\t\t<\/div>\n\t\t\t\t<\/div>\n\t\t\t\t<div class=\"elementor-element elementor-element-ba909d3 elementor-widget elementor-widget-heading\" data-id=\"ba909d3\" data-element_type=\"widget\" data-widget_type=\"heading.default\">\n\t\t\t\t<div class=\"elementor-widget-container\">\n\t\t\t\t\t<h4 class=\"elementor-heading-title elementor-size-default\">Te invitamos a una consulta gratuita online de 20 minutos para conocerte, escuchar tus \nnecesidades y ayudarte a encontrar el programa SkinMind que m\u00e1s se adapta a tu momento \nactual. \nSin compromiso. Sin presi\u00f3n. Solo un espacio seguro con una experta de nuestro sistema \nhol\u00edstico, para empezar a escucharte.<\/h4>\t\t\t\t<\/div>\n\t\t\t\t<\/div>\n\t\t\t\t<div class=\"elementor-element elementor-element-1095b66 elementor-widget elementor-widget-text-editor\" data-id=\"1095b66\" data-element_type=\"widget\" data-widget_type=\"text-editor.default\">\n\t\t\t\t<div class=\"elementor-widget-container\">\n\t\t\t\t\t\t\t\t\t<p>Sin compromiso.<br \/>Sin presi\u00f3n.<br \/>Solo un espacio seguro con una experta, para empezar a escucharte.<\/p>\t\t\t\t\t\t\t\t<\/div>\n\t\t\t\t<\/div>\n\t\t\t\t<div class=\"elementor-element elementor-element-75c907b elementor-widget elementor-widget-button\" data-id=\"75c907b\" data-element_type=\"widget\" data-widget_type=\"button.default\">\n\t\t\t\t<div class=\"elementor-widget-container\">\n\t\t\t\t\t\t\t\t\t<div class=\"elementor-button-wrapper\">\n\t\t\t\t\t<a class=\"elementor-button elementor-button-link elementor-size-sm elementor-animation-grow\" href=\"https:\/\/codigovita.com\/contact\/\" target=\"_blank\">\n\t\t\t\t\t\t<span class=\"elementor-button-content-wrapper\">\n\t\t\t\t\t\t\t\t\t<span class=\"elementor-button-text\">Reserva tu cita gratuita<\/span>\n\t\t\t\t\t<\/span>\n\t\t\t\t\t<\/a>\n\t\t\t\t<\/div>\n\t\t\t\t\t\t\t\t<\/div>\n\t\t\t\t<\/div>\n\t\t\t\t<\/div>\n\t\t\t\t\t<\/div>\n\t\t\t\t<\/div>\n\t\t<div class=\"elementor-element elementor-element-670a1b8 e-flex e-con-boxed e-con e-parent\" data-id=\"670a1b8\" data-element_type=\"container\">\n\t\t\t\t\t<div class=\"e-con-inner\">\n\t\t\t\t<div class=\"elementor-element elementor-element-c5a85f3 elementor-widget elementor-widget-heading\" data-id=\"c5a85f3\" data-element_type=\"widget\" data-widget_type=\"heading.default\">\n\t\t\t\t<div class=\"elementor-widget-container\">\n\t\t\t\t\t<h5 class=\"elementor-heading-title elementor-size-default\">\u00a1El sistema C\u00f3digo Vital no tiene fronteras: conectamos contigo donde est\u00e9s!<\/h5>\t\t\t\t<\/div>\n\t\t\t\t<\/div>\n\t\t\t\t\t<\/div>\n\t\t\t\t<\/div>\n\t\t<div class=\"elementor-element elementor-element-feca48f e-flex e-con-boxed e-con e-parent\" data-id=\"feca48f\" data-element_type=\"container\">\n\t\t\t\t\t<div class=\"e-con-inner\">\n\t\t<div class=\"elementor-element elementor-element-bf4d7c5 e-con-full e-flex e-con e-child\" data-id=\"bf4d7c5\" data-element_type=\"container\">\n\t\t<div class=\"elementor-element elementor-element-c2daff0 e-con-full e-flex e-con e-child\" data-id=\"c2daff0\" data-element_type=\"container\">\n\t\t<div class=\"elementor-element elementor-element-fb25e10 e-con-full e-flex e-con e-child\" data-id=\"fb25e10\" data-element_type=\"container\">\n\t\t<div class=\"elementor-element elementor-element-efeb3ba e-con-full e-flex e-con e-child\" data-id=\"efeb3ba\" data-element_type=\"container\">\n\t\t\t\t<div class=\"elementor-element elementor-element-8aaaad3 elementor-widget elementor-widget-button\" data-id=\"8aaaad3\" data-element_type=\"widget\" data-widget_type=\"button.default\">\n\t\t\t\t<div class=\"elementor-widget-container\">\n\t\t\t\t\t\t\t\t\t<div class=\"elementor-button-wrapper\">\n\t\t\t\t\t<a class=\"elementor-button elementor-button-link elementor-size-sm elementor-animation-grow\" href=\"\">\n\t\t\t\t\t\t<span class=\"elementor-button-content-wrapper\">\n\t\t\t\t\t\t<span class=\"elementor-button-icon\">\n\t\t\t\t<svg aria-hidden=\"true\" class=\"e-font-icon-svg e-far-arrow-alt-circle-right\" viewBox=\"0 0 512 512\" xmlns=\"http:\/\/www.w3.org\/2000\/svg\"><path d=\"M504 256C504 119 393 8 256 8S8 119 8 256s111 248 248 248 248-111 248-248zm-448 0c0-110.5 89.5-200 200-200s200 89.5 200 200-89.5 200-200 200S56 366.5 56 256zm72 20v-40c0-6.6 5.4-12 12-12h116v-67c0-10.7 12.9-16 20.5-8.5l99 99c4.7 4.7 4.7 12.3 0 17l-99 99c-7.6 7.6-20.5 2.2-20.5-8.5v-67H140c-6.6 0-12-5.4-12-12z\"><\/path><\/svg>\t\t\t<\/span>\n\t\t\t\t\t\t\t\t\t<span class=\"elementor-button-text\">Email \ud83d\udce7 <\/span>\n\t\t\t\t\t<\/span>\n\t\t\t\t\t<\/a>\n\t\t\t\t<\/div>\n\t\t\t\t\t\t\t\t<\/div>\n\t\t\t\t<\/div>\n\t\t\t\t<\/div>\n\t\t<div class=\"elementor-element elementor-element-bf10b1b e-con-full e-flex e-con e-child\" data-id=\"bf10b1b\" data-element_type=\"container\">\n\t\t\t\t<div class=\"elementor-element elementor-element-7588a68 elementor-widget elementor-widget-button\" data-id=\"7588a68\" data-element_type=\"widget\" data-widget_type=\"button.default\">\n\t\t\t\t<div class=\"elementor-widget-container\">\n\t\t\t\t\t\t\t\t\t<div class=\"elementor-button-wrapper\">\n\t\t\t\t\t<a class=\"elementor-button elementor-button-link elementor-size-sm elementor-animation-grow\" href=\"\">\n\t\t\t\t\t\t<span class=\"elementor-button-content-wrapper\">\n\t\t\t\t\t\t<span class=\"elementor-button-icon\">\n\t\t\t\t<svg aria-hidden=\"true\" class=\"e-font-icon-svg e-far-arrow-alt-circle-right\" viewBox=\"0 0 512 512\" xmlns=\"http:\/\/www.w3.org\/2000\/svg\"><path d=\"M504 256C504 119 393 8 256 8S8 119 8 256s111 248 248 248 248-111 248-248zm-448 0c0-110.5 89.5-200 200-200s200 89.5 200 200-89.5 200-200 200S56 366.5 56 256zm72 20v-40c0-6.6 5.4-12 12-12h116v-67c0-10.7 12.9-16 20.5-8.5l99 99c4.7 4.7 4.7 12.3 0 17l-99 99c-7.6 7.6-20.5 2.2-20.5-8.5v-67H140c-6.6 0-12-5.4-12-12z\"><\/path><\/svg>\t\t\t<\/span>\n\t\t\t\t\t\t\t\t\t<span class=\"elementor-button-text\">WhatsApp <\/span>\n\t\t\t\t\t<\/span>\n\t\t\t\t\t<\/a>\n\t\t\t\t<\/div>\n\t\t\t\t\t\t\t\t<\/div>\n\t\t\t\t<\/div>\n\t\t\t\t<\/div>\n\t\t<div class=\"elementor-element elementor-element-8da74a8 e-con-full e-flex e-con e-child\" data-id=\"8da74a8\" data-element_type=\"container\">\n\t\t\t\t<div class=\"elementor-element elementor-element-125fafd elementor-widget elementor-widget-button\" data-id=\"125fafd\" data-element_type=\"widget\" data-widget_type=\"button.default\">\n\t\t\t\t<div class=\"elementor-widget-container\">\n\t\t\t\t\t\t\t\t\t<div class=\"elementor-button-wrapper\">\n\t\t\t\t\t<a class=\"elementor-button elementor-button-link elementor-size-sm elementor-animation-grow\" href=\"\">\n\t\t\t\t\t\t<span class=\"elementor-button-content-wrapper\">\n\t\t\t\t\t\t<span class=\"elementor-button-icon\">\n\t\t\t\t<svg aria-hidden=\"true\" class=\"e-font-icon-svg e-far-arrow-alt-circle-right\" viewBox=\"0 0 512 512\" xmlns=\"http:\/\/www.w3.org\/2000\/svg\"><path d=\"M504 256C504 119 393 8 256 8S8 119 8 256s111 248 248 248 248-111 248-248zm-448 0c0-110.5 89.5-200 200-200s200 89.5 200 200-89.5 200-200 200S56 366.5 56 256zm72 20v-40c0-6.6 5.4-12 12-12h116v-67c0-10.7 12.9-16 20.5-8.5l99 99c4.7 4.7 4.7 12.3 0 17l-99 99c-7.6 7.6-20.5 2.2-20.5-8.5v-67H140c-6.6 0-12-5.4-12-12z\"><\/path><\/svg>\t\t\t<\/span>\n\t\t\t\t\t\t\t\t\t<span class=\"elementor-button-text\">Noticias<\/span>\n\t\t\t\t\t<\/span>\n\t\t\t\t\t<\/a>\n\t\t\t\t<\/div>\n\t\t\t\t\t\t\t\t<\/div>\n\t\t\t\t<\/div>\n\t\t\t\t<\/div>\n\t\t\t\t<\/div>\n\t\t\t\t<\/div>\n\t\t\t\t<\/div>\n\t\t\t\t\t<\/div>\n\t\t\t\t<\/div>\n\t\t\t\t<\/div>\n\t\t","protected":false},"excerpt":{"rendered":"<p>Evaluaci\u00f3n integral: Sistema Hol\u00edstico de Est\u00e9tica Natural Piel y Est\u00e9tica Natural Analizamos la est\u00e9tica natural de tu piel no solo [&hellip;]<\/p>\n","protected":false},"author":1,"featured_media":0,"parent":0,"menu_order":0,"comment_status":"closed","ping_status":"closed","template":"","meta":{"_uag_custom_page_level_css":"","site-sidebar-layout":"no-sidebar","site-content-layout":"","ast-site-content-layout":"full-width-container","site-content-style":"default","site-sidebar-style":"default","ast-global-header-display":"","ast-banner-title-visibility":"","ast-main-header-display":"","ast-hfb-above-header-display":"","ast-hfb-below-header-display":"","ast-hfb-mobile-header-display":"","site-post-title":"disabled","ast-breadcrumbs-content":"","ast-featured-img":"disabled","footer-sml-layout":"","theme-transparent-header-meta":"default","adv-header-id-meta":"","stick-header-meta":"","header-above-stick-meta":"","header-main-stick-meta":"","header-below-stick-meta":"","astra-migrate-meta-layouts":"set","ast-page-background-enabled":"default","ast-page-background-meta":{"desktop":{"background-color":"var(--ast-global-color-4)","background-image":"","background-repeat":"repeat","background-position":"center center","background-size":"auto","background-attachment":"scroll","background-type":"","background-media":"","overlay-type":"","overlay-color":"","overlay-opacity":"","overlay-gradient":""},"tablet":{"background-color":"","background-image":"","background-repeat":"repeat","background-position":"center center","background-size":"auto","background-attachment":"scroll","background-type":"","background-media":"","overlay-type":"","overlay-color":"","overlay-opacity":"","overlay-gradient":""},"mobile":{"background-color":"","background-image":"","background-repeat":"repeat","background-position":"center center","background-size":"auto","background-attachment":"scroll","background-type":"","background-media":"","overlay-type":"","overlay-color":"","overlay-opacity":"","overlay-gradient":""}},"ast-content-background-meta":{"desktop":{"background-color":"var(--ast-global-color-5)","background-image":"","background-repeat":"repeat","background-position":"center center","background-size":"auto","background-attachment":"scroll","background-type":"","background-media":"","overlay-type":"","overlay-color":"","overlay-opacity":"","overlay-gradient":""},"tablet":{"background-color":"var(--ast-global-color-5)","background-image":"","background-repeat":"repeat","background-position":"center center","background-size":"auto","background-attachment":"scroll","background-type":"","background-media":"","overlay-type":"","overlay-color":"","overlay-opacity":"","overlay-gradient":""},"mobile":{"background-color":"var(--ast-global-color-5)","background-image":"","background-repeat":"repeat","background-position":"center center","background-size":"auto","background-attachment":"scroll","background-type":"","background-media":"","overlay-type":"","overlay-color":"","overlay-opacity":"","overlay-gradient":""}},"footnotes":""},"class_list":["post-1422","page","type-page","status-publish","hentry"],"aioseo_notices":[],"yoast_head":"<!-- This site is optimized with the Yoast SEO plugin v26.2 - https:\/\/yoast.com\/wordpress\/plugins\/seo\/ -->\n<title>Evaluaci\u00f3n Integral - Codix Vitae - Skin, Mind &amp; Science<\/title>\n<meta name=\"description\" content=\"La vitalidad es la base que ense\u00f1amos en nuestro beauty mentoring para construir belleza y bienestar duraderos.\" \/>\n<meta name=\"robots\" content=\"index, follow, max-snippet:-1, max-image-preview:large, max-video-preview:-1\" \/>\n<link rel=\"canonical\" href=\"https:\/\/codigovita.com\/es_es\/evaluacion-integral\/\" \/>\n<meta property=\"og:locale\" content=\"es_ES\" \/>\n<meta property=\"og:type\" content=\"article\" \/>\n<meta property=\"og:title\" content=\"Evaluaci\u00f3n Integral - Codix Vitae - Skin, Mind &amp; Science\" \/>\n<meta property=\"og:description\" content=\"La vitalidad es la base que ense\u00f1amos en nuestro beauty mentoring para construir belleza y bienestar duraderos.\" \/>\n<meta property=\"og:url\" content=\"https:\/\/codigovita.com\/es_es\/evaluacion-integral\/\" \/>\n<meta property=\"og:site_name\" content=\"Codix Vitae - Skin, Mind &amp; Science\" \/>\n<meta property=\"article:modified_time\" content=\"2026-03-30T10:59:48+00:00\" \/>\n<meta name=\"twitter:card\" content=\"summary_large_image\" \/>\n<meta name=\"twitter:label1\" content=\"Tiempo de lectura\" \/>\n\t<meta name=\"twitter:data1\" content=\"2 minutos\" \/>\n<script type=\"application\/ld+json\" class=\"yoast-schema-graph\">{\"@context\":\"https:\/\/schema.org\",\"@graph\":[{\"@type\":\"WebPage\",\"@id\":\"https:\/\/codigovita.com\/evaluacion-integral\/\",\"url\":\"https:\/\/codigovita.com\/evaluacion-integral\/\",\"name\":\"Evaluaci\u00f3n Integral - Codix Vitae - Skin, Mind &amp; Science\",\"isPartOf\":{\"@id\":\"https:\/\/codigovita.com\/#website\"},\"datePublished\":\"2025-07-30T08:49:36+00:00\",\"dateModified\":\"2026-03-30T10:59:48+00:00\",\"description\":\"La vitalidad es la base que ense\u00f1amos en nuestro beauty mentoring para construir belleza y bienestar duraderos.\",\"breadcrumb\":{\"@id\":\"https:\/\/codigovita.com\/evaluacion-integral\/#breadcrumb\"},\"inLanguage\":\"es\",\"potentialAction\":[{\"@type\":\"ReadAction\",\"target\":[\"https:\/\/codigovita.com\/evaluacion-integral\/\"]}]},{\"@type\":\"BreadcrumbList\",\"@id\":\"https:\/\/codigovita.com\/evaluacion-integral\/#breadcrumb\",\"itemListElement\":[{\"@type\":\"ListItem\",\"position\":1,\"name\":\"Home\",\"item\":\"https:\/\/codigovita.com\/\"},{\"@type\":\"ListItem\",\"position\":2,\"name\":\"Evaluaci\u00f3n Integral\"}]},{\"@type\":\"WebSite\",\"@id\":\"https:\/\/codigovita.com\/#website\",\"url\":\"https:\/\/codigovita.com\/\",\"name\":\"Codix Vitae - Skin, Mind &amp; Science\",\"description\":\"\",\"publisher\":{\"@id\":\"https:\/\/codigovita.com\/#organization\"},\"potentialAction\":[{\"@type\":\"SearchAction\",\"target\":{\"@type\":\"EntryPoint\",\"urlTemplate\":\"https:\/\/codigovita.com\/?s={search_term_string}\"},\"query-input\":{\"@type\":\"PropertyValueSpecification\",\"valueRequired\":true,\"valueName\":\"search_term_string\"}}],\"inLanguage\":\"es\"},{\"@type\":\"Organization\",\"@id\":\"https:\/\/codigovita.com\/#organization\",\"name\":\"Codix Vitae - Skin, Mind &amp; Science\",\"url\":\"https:\/\/codigovita.com\/\",\"logo\":{\"@type\":\"ImageObject\",\"inLanguage\":\"es\",\"@id\":\"https:\/\/codigovita.com\/#\/schema\/logo\/image\/\",\"url\":\"https:\/\/codigovita.com\/wp-content\/uploads\/2025\/07\/IMG_3913.webp\",\"contentUrl\":\"https:\/\/codigovita.com\/wp-content\/uploads\/2025\/07\/IMG_3913.webp\",\"width\":1080,\"height\":1080,\"caption\":\"Codix Vitae - Skin, Mind &amp; Science\"},\"image\":{\"@id\":\"https:\/\/codigovita.com\/#\/schema\/logo\/image\/\"}}]}<\/script>\n<!-- \/ Yoast SEO plugin. -->","yoast_head_json":{"title":"Evaluaci\u00f3n Integral - Codix Vitae - Skin, Mind &amp; Science","description":"La vitalidad es la base que ense\u00f1amos en nuestro beauty mentoring para construir belleza y bienestar duraderos.","robots":{"index":"index","follow":"follow","max-snippet":"max-snippet:-1","max-image-preview":"max-image-preview:large","max-video-preview":"max-video-preview:-1"},"canonical":"https:\/\/codigovita.com\/es_es\/evaluacion-integral\/","og_locale":"es_ES","og_type":"article","og_title":"Evaluaci\u00f3n Integral - Codix Vitae - Skin, Mind &amp; Science","og_description":"La vitalidad es la base que ense\u00f1amos en nuestro beauty mentoring para construir belleza y bienestar duraderos.","og_url":"https:\/\/codigovita.com\/es_es\/evaluacion-integral\/","og_site_name":"Codix Vitae - Skin, Mind &amp; Science","article_modified_time":"2026-03-30T10:59:48+00:00","twitter_card":"summary_large_image","twitter_misc":{"Tiempo de lectura":"2 minutos"},"schema":{"@context":"https:\/\/schema.org","@graph":[{"@type":"WebPage","@id":"https:\/\/codigovita.com\/evaluacion-integral\/","url":"https:\/\/codigovita.com\/evaluacion-integral\/","name":"Evaluaci\u00f3n Integral - Codix Vitae - Skin, Mind &amp; Science","isPartOf":{"@id":"https:\/\/codigovita.com\/#website"},"datePublished":"2025-07-30T08:49:36+00:00","dateModified":"2026-03-30T10:59:48+00:00","description":"La vitalidad es la base que ense\u00f1amos en nuestro beauty mentoring para construir belleza y bienestar duraderos.","breadcrumb":{"@id":"https:\/\/codigovita.com\/evaluacion-integral\/#breadcrumb"},"inLanguage":"es","potentialAction":[{"@type":"ReadAction","target":["https:\/\/codigovita.com\/evaluacion-integral\/"]}]},{"@type":"BreadcrumbList","@id":"https:\/\/codigovita.com\/evaluacion-integral\/#breadcrumb","itemListElement":[{"@type":"ListItem","position":1,"name":"Home","item":"https:\/\/codigovita.com\/"},{"@type":"ListItem","position":2,"name":"Evaluaci\u00f3n Integral"}]},{"@type":"WebSite","@id":"https:\/\/codigovita.com\/#website","url":"https:\/\/codigovita.com\/","name":"Codix Vitae - Skin, Mind &amp; Science","description":"","publisher":{"@id":"https:\/\/codigovita.com\/#organization"},"potentialAction":[{"@type":"SearchAction","target":{"@type":"EntryPoint","urlTemplate":"https:\/\/codigovita.com\/?s={search_term_string}"},"query-input":{"@type":"PropertyValueSpecification","valueRequired":true,"valueName":"search_term_string"}}],"inLanguage":"es"},{"@type":"Organization","@id":"https:\/\/codigovita.com\/#organization","name":"Codix Vitae - Skin, Mind &amp; Science","url":"https:\/\/codigovita.com\/","logo":{"@type":"ImageObject","inLanguage":"es","@id":"https:\/\/codigovita.com\/#\/schema\/logo\/image\/","url":"https:\/\/codigovita.com\/wp-content\/uploads\/2025\/07\/IMG_3913.webp","contentUrl":"https:\/\/codigovita.com\/wp-content\/uploads\/2025\/07\/IMG_3913.webp","width":1080,"height":1080,"caption":"Codix Vitae - Skin, Mind &amp; Science"},"image":{"@id":"https:\/\/codigovita.com\/#\/schema\/logo\/image\/"}}]}},"uagb_featured_image_src":{"full":false,"thumbnail":false,"medium":false,"medium_large":false,"large":false,"1536x1536":false,"2048x2048":false,"trp-custom-language-flag":false},"uagb_author_info":{"display_name":"contact@codigovita.com","author_link":"https:\/\/codigovita.com\/es_es\/author\/oksana-trubenko1204gmail-com\/"},"uagb_comment_info":0,"uagb_excerpt":"Evaluaci\u00f3n integral: Sistema Hol\u00edstico de Est\u00e9tica Natural Piel y Est\u00e9tica Natural Analizamos la est\u00e9tica natural de tu piel no solo [&hellip;]","_links":{"self":[{"href":"https:\/\/codigovita.com\/es_es\/wp-json\/wp\/v2\/pages\/1422","targetHints":{"allow":["GET"]}}],"collection":[{"href":"https:\/\/codigovita.com\/es_es\/wp-json\/wp\/v2\/pages"}],"about":[{"href":"https:\/\/codigovita.com\/es_es\/wp-json\/wp\/v2\/types\/page"}],"author":[{"embeddable":true,"href":"https:\/\/codigovita.com\/es_es\/wp-json\/wp\/v2\/users\/1"}],"replies":[{"embeddable":true,"href":"https:\/\/codigovita.com\/es_es\/wp-json\/wp\/v2\/comments?post=1422"}],"version-history":[{"count":29,"href":"https:\/\/codigovita.com\/es_es\/wp-json\/wp\/v2\/pages\/1422\/revisions"}],"predecessor-version":[{"id":4643,"href":"https:\/\/codigovita.com\/es_es\/wp-json\/wp\/v2\/pages\/1422\/revisions\/4643"}],"wp:attachment":[{"href":"https:\/\/codigovita.com\/es_es\/wp-json\/wp\/v2\/media?parent=1422"}],"curies":[{"name":"wp","href":"https:\/\/api.w.org\/{rel}","templated":true}]}}